{"id":12975,"date":"2024-04-19T17:01:56","date_gmt":"2024-04-19T17:01:56","guid":{"rendered":"https:\/\/solandworld.com\/gizlilik\/"},"modified":"2024-11-26T21:35:09","modified_gmt":"2024-11-26T21:35:09","slug":"gizlilik","status":"publish","type":"page","link":"https:\/\/solandworld.com\/tr\/gizlilik\/","title":{"rendered":"Gizlilik"},"content":{"rendered":"\t\t<div data-elementor-type=\"wp-page\" data-elementor-id=\"12975\" class=\"elementor elementor-12975 elementor-155\" data-elementor-post-type=\"page\">\n\t\t\t\t<div class=\"elementor-element elementor-element-de6c363 e-flex e-con-boxed e-con e-parent\" data-id=\"de6c363\" data-element_type=\"container\">\n\t\t\t\t\t<div class=\"e-con-inner\">\n\t\t\t\t<div class=\"elementor-element elementor-element-309bcac elementor-widget elementor-widget-heading\" data-id=\"309bcac\" data-element_type=\"widget\" data-widget_type=\"heading.default\">\n\t\t\t\t<div class=\"elementor-widget-container\">\n\t\t\t\t\t<h2 class=\"elementor-heading-title elementor-size-default\">Gizlilik Politikas\u0131<\/h2>\t\t\t\t<\/div>\n\t\t\t\t<\/div>\n\t\t\t\t<div class=\"elementor-element elementor-element-04cb57d elementor-widget elementor-widget-text-editor\" data-id=\"04cb57d\" data-element_type=\"widget\" data-widget_type=\"text-editor.default\">\n\t\t\t\t<div class=\"elementor-widget-container\">\n\t\t\t\t\t\t\t\t\t<p>Soland olarak, m\u00fc\u015fterilerimizin gizlili\u011fini korumak en \u00f6nemli taahh\u00fcd\u00fcm\u00fczd\u00fcr. <\/p>\n<p>Gizlilik Politikam\u0131z, bilgilerin toplanmas\u0131, kullan\u0131lmas\u0131 ve if\u015fa edilmesini kapsayacak \u015fekilde verilerinizi nas\u0131l ele ald\u0131\u011f\u0131m\u0131z\u0131 \u00f6zetlemektedir. AB veri koruma yasalar\u0131nda yap\u0131lacak de\u011fi\u015fikliklere ve GDPR uyumlulu\u011funa uygun olarak, \u015feffafl\u0131\u011f\u0131 art\u0131rmak ve en y\u00fcksek veri koruma standartlar\u0131n\u0131 sa\u011flamak i\u00e7in Gizlilik Politikam\u0131z\u0131 g\u00fcncelledik. <\/p>\n<p><strong>Veri Toplama<\/strong><\/p>\n<p>Faaliyetlerimizin ola\u011fan seyri i\u00e7inde Soland, m\u00fc\u015fterilerimiz hakk\u0131nda isimlerini, e-posta adreslerini, yaz\u0131\u015fma kay\u0131tlar\u0131n\u0131 ve mali ayr\u0131nt\u0131lar\u0131n\u0131 kapsayan bilgileri toplar ve kullan\u0131r. Bu veriler, yaz\u0131l\u0131 ileti\u015fim, y\u00fcz y\u00fcze etkile\u015fimler, telefon g\u00f6r\u00fc\u015fmeleri, elektronik ara\u00e7lar ve ba\u015fvuru g\u00f6nderimleri dahil olmak \u00fczere \u00e7e\u015fitli kanallar arac\u0131l\u0131\u011f\u0131yla elde edilir. Ek olarak, bilgiler bizimle, i\u015ftiraklerimizle, kredi raporlama ajanslar\u0131yla ve internetle yap\u0131lan i\u015flemlerden elde edilebilir. <a href=\"https:\/\/solandworld.com\/cookies\/\">\u00c7erez Politikam\u0131z<\/a> web sitesi analizi ve hizmet geli\u015ftirme i\u00e7in kullan\u0131lan teknolojiyi detayland\u0131rmaktad\u0131r   <\/p>\n<p><strong>Veri A\u00e7\u0131klamas\u0131<\/strong><\/p>\n<p>Soland, m\u00fc\u015fteri gizlili\u011fine olan ba\u011fl\u0131l\u0131\u011f\u0131n\u0131 s\u00fcrd\u00fcrmektedir. M\u00fc\u015fteri bilgilerini satmay\u0131z. Ba\u011fl\u0131 kurulu\u015flarla bilgi payla\u015f\u0131m\u0131 yaln\u0131zca m\u00fc\u015fterinin a\u00e7\u0131k izni ve talebi \u00fczerine ger\u00e7ekle\u015fir. GDPR&#8217;ye uygun olarak, bilgileri akredite \u00fc\u00e7\u00fcnc\u00fc taraflarla payla\u015fm\u0131yoruz.   <\/p>\n<p><strong>Veri Kullan\u0131m\u0131<\/strong> <\/p>\n<p>Soland, m\u00fc\u015fterilerin ki\u015fisel bilgilerini y\u00fcr\u00fcrl\u00fckteki veri koruma yasalar\u0131na uygun olarak, talep edilen hizmetlerin sa\u011flanmas\u0131, d\u00fczenlemelere uygunluk ve dahili idari ama\u00e7lar do\u011frultusunda i\u015fler. Kullan\u0131c\u0131lar\u0131n se\u00e7imine ve r\u0131zas\u0131na sayg\u0131 g\u00f6sterilerek her veri toplama i\u015flemi s\u0131ras\u0131nda onay se\u00e7enekleri sunulur. <\/p>\n<p><strong>Veri G\u00fcvenli\u011fi <\/strong><\/p>\n<p>M\u00fc\u015fteri bilgilerinin g\u00fcvenli\u011fini sa\u011flamak Soland i\u00e7in en \u00f6nemli \u00f6nceliktir. M\u00fc\u015fteri verilerini korumak i\u00e7in titiz fiziksel, elektronik ve prosed\u00fcrel \u00f6nlemler mevcuttur. S\u0131k\u0131 \u015firket i\u00e7i politikalar, yetkisiz kullan\u0131m veya if\u015fay\u0131 \u00f6nleyerek m\u00fc\u015fteri bilgilerine yaln\u0131zca mali i\u015flerin y\u00fcr\u00fct\u00fclmesi veya hizmetlerin sa\u011flanmas\u0131 i\u00e7in gerekli olan \u00e7al\u0131\u015fanlar\u0131n eri\u015febilmesini sa\u011flar. G\u00fcvenlik taahh\u00fcd\u00fcm\u00fcz, veri aktar\u0131m\u0131 s\u0131ras\u0131nda en \u00fcst d\u00fczeyde koruma i\u00e7in 128 bit \u015fifreleme kullanarak \u00e7evrimi\u00e7i i\u015flemlere kadar uzanmaktad\u0131r.   <\/p>\n<p>Soland&#8217;\u0131n Gizlilik Politikas\u0131 \u015feffafl\u0131\u011fa, gizlili\u011fe ve geli\u015fen veri koruma standartlar\u0131na uymaya olan ba\u011fl\u0131l\u0131\u011f\u0131m\u0131z\u0131 yans\u0131tmaktad\u0131r. M\u00fc\u015fterilerimizin bize duydu\u011fu g\u00fcvene de\u011fer veriyor ve en y\u00fcksek gizlilik ve g\u00fcvenlik standartlar\u0131n\u0131 korumaya \u00e7al\u0131\u015f\u0131yoruz. <\/p>\n\t\t\t\t\t\t\t\t<\/div>\n\t\t\t\t<\/div>\n\t\t\t\t\t<\/div>\n\t\t\t\t<\/div>\n\t\t\t\t<\/div>\n\t\t","protected":false},"excerpt":{"rendered":"<p>Gizlilik Politikas\u0131 Soland olarak, m\u00fc\u015fterilerimizin gizlili\u011fini korumak en \u00f6nemli taahh\u00fcd\u00fcm\u00fczd\u00fcr. Gizlilik Politikam\u0131z, bilgilerin toplanmas\u0131, kullan\u0131lmas\u0131 ve if\u015fa edilmesini kapsayacak \u015fekilde verilerinizi nas\u0131l ele ald\u0131\u011f\u0131m\u0131z\u0131 \u00f6zetlemektedir. AB veri koruma yasalar\u0131nda yap\u0131lacak de\u011fi\u015fikliklere ve GDPR uyumlulu\u011funa uygun olarak, \u015feffafl\u0131\u011f\u0131 art\u0131rmak ve en y\u00fcksek veri koruma standartlar\u0131n\u0131 sa\u011flamak i\u00e7in Gizlilik Politikam\u0131z\u0131 g\u00fcncelledik. Veri Toplama Faaliyetlerimizin ola\u011fan seyri i\u00e7inde [&hellip;]<\/p>\n","protected":false},"author":11,"featured_media":0,"parent":0,"menu_order":0,"comment_status":"closed","ping_status":"closed","template":"elementor_header_footer","meta":{"_acf_changed":false,"inline_featured_image":false,"_monsterinsights_skip_tracking":false,"_monsterinsights_sitenote_active":false,"_monsterinsights_sitenote_note":"","_monsterinsights_sitenote_category":0,"_uf_show_specific_survey":0,"_uf_disable_surveys":false,"footnotes":""},"class_list":["post-12975","page","type-page","status-publish","hentry"],"acf":[],"aioseo_notices":[],"_links":{"self":[{"href":"https:\/\/solandworld.com\/tr\/wp-json\/wp\/v2\/pages\/12975","targetHints":{"allow":["GET"]}}],"collection":[{"href":"https:\/\/solandworld.com\/tr\/wp-json\/wp\/v2\/pages"}],"about":[{"href":"https:\/\/solandworld.com\/tr\/wp-json\/wp\/v2\/types\/page"}],"author":[{"embeddable":true,"href":"https:\/\/solandworld.com\/tr\/wp-json\/wp\/v2\/users\/11"}],"replies":[{"embeddable":true,"href":"https:\/\/solandworld.com\/tr\/wp-json\/wp\/v2\/comments?post=12975"}],"version-history":[{"count":0,"href":"https:\/\/solandworld.com\/tr\/wp-json\/wp\/v2\/pages\/12975\/revisions"}],"wp:attachment":[{"href":"https:\/\/solandworld.com\/tr\/wp-json\/wp\/v2\/media?parent=12975"}],"curies":[{"name":"wp","href":"https:\/\/api.w.org\/{rel}","templated":true}]}}