{"id":12971,"date":"2024-04-19T17:01:50","date_gmt":"2024-04-19T17:01:50","guid":{"rendered":"https:\/\/solandworld.com\/sartlar\/"},"modified":"2024-11-26T18:41:03","modified_gmt":"2024-11-26T18:41:03","slug":"sartlar","status":"publish","type":"page","link":"https:\/\/solandworld.com\/tr\/sartlar\/","title":{"rendered":"\u015eartlar"},"content":{"rendered":"\t\t<div data-elementor-type=\"wp-page\" data-elementor-id=\"12971\" class=\"elementor elementor-12971 elementor-153\" data-elementor-post-type=\"page\">\n\t\t\t\t<div class=\"elementor-element elementor-element-dbbe4c0 e-flex e-con-boxed e-con e-parent\" data-id=\"dbbe4c0\" data-element_type=\"container\">\n\t\t\t\t\t<div class=\"e-con-inner\">\n\t\t\t\t<div class=\"elementor-element elementor-element-f13094b elementor-widget elementor-widget-heading\" data-id=\"f13094b\" data-element_type=\"widget\" data-widget_type=\"heading.default\">\n\t\t\t\t<div class=\"elementor-widget-container\">\n\t\t\t\t\t<h2 class=\"elementor-heading-title elementor-size-default\">\u015eartlar ve Ko\u015fullar<\/h2>\t\t\t\t<\/div>\n\t\t\t\t<\/div>\n\t\t\t\t<div class=\"elementor-element elementor-element-ab69997 elementor-widget elementor-widget-text-editor\" data-id=\"ab69997\" data-element_type=\"widget\" data-widget_type=\"text-editor.default\">\n\t\t\t\t<div class=\"elementor-widget-container\">\n\t\t\t\t\t\t\t\t\t<p>Soland&#8217;\u0131n Web Sitesine (bundan b\u00f6yle \u201cWeb Sitesi\u201d olarak an\u0131lacakt\u0131r) selamlar. Web sitemizdeki metin, resim ve ek i\u00e7erikleri (bundan b\u00f6yle \u201c\u0130\u00e7erik\u201d olarak an\u0131lacakt\u0131r) kapsayan materyaller, Soland taraf\u0131ndan yaln\u0131zca bilgilendirme amac\u0131yla sunulmaktad\u0131r. Web Sitesine girerek veya herhangi bir \u0130\u00e7eri\u011fi indirerek, a\u015fa\u011f\u0131da belirtilen H\u00fck\u00fcm ve ko\u015fullara uymay\u0131 kabul etti\u011finizi belirtmi\u015f olursunuz. Bu H\u00fck\u00fcm ve ko\u015fullara uymamay\u0131 tercih ederseniz, l\u00fctfen Web Sitesine eri\u015fmekten veya herhangi bir \u0130\u00e7eri\u011fi indirmekten ka\u00e7\u0131n\u0131n.   <\/p>\n<p><strong>Sorumluluk Reddi<\/strong><\/p>\n<p>Soland, Web Sitesinin i\u00e7eri\u011finde hassasiyeti ve uygunlu\u011fu korumaya \u00e7al\u0131\u015fsa da, \u00e7e\u015fitli kaynaklardan derlendi\u011fi g\u00f6z \u00f6n\u00fcne al\u0131nd\u0131\u011f\u0131nda, size oldu\u011fu gibi ve mevcudiyete tabi olarak sunulmaktad\u0131r. Soland, i\u00e7erikteki herhangi bir hata veya eksiklik i\u00e7in sorumluluk kabul etmez ve bu Web Sitesinde sa\u011flanan bilgilere dayanarak \u00e7abalar\u0131n\u0131z\u0131n ba\u015far\u0131s\u0131 ile ilgili bir garanti vermez. Web Sitesindeki herhangi bir formun kullan\u0131lmas\u0131, belirli bir stat\u00fc veya ba\u015far\u0131 elde edilmesini garanti etmez.  <\/p>\n<p><strong>D\u0131\u015f Kaynaklara Ba\u011flant\u0131lar<\/strong><\/p>\n<p>Soland web sitesinde bulunan ba\u011flant\u0131lar sizi bizim bak\u0131m\u0131m\u0131z veya kontrol\u00fcm\u00fcz alt\u0131nda olmayan harici web sitelerine y\u00f6nlendirebilir. Bu ba\u011flant\u0131lar\u0131 size kolayl\u0131k sa\u011flamak i\u00e7in sunuyoruz ve ba\u011flant\u0131l\u0131 herhangi bir sitedeki i\u00e7erikle ilgili sorumlulu\u011fu a\u00e7\u0131k\u00e7a reddediyoruz. Soland do\u011fru i\u00e7eri\u011fi korumak i\u00e7in \u00e7aba g\u00f6sterse de, ba\u011flant\u0131l\u0131 web sitelerindeki bilgilerin do\u011frulu\u011funu veya eksiksizli\u011fini garanti etmiyoruz. Bu t\u00fcr ba\u011flant\u0131l\u0131 web sitelerinde bulunan bilgilerin do\u011frulu\u011funu ve eksiksizli\u011fini do\u011frulamak sizin sorumlulu\u011funuzdad\u0131r.   <\/p>\n<p><strong>Sitenin Kullan\u0131m\u0131<\/strong><\/p>\n<p>Bu web sitesinde su\u00e7 te\u015fkil eden, cezai ve hukuki sorumlulu\u011fa yol a\u00e7an, telif hakk\u0131 veya di\u011fer fikri m\u00fclkiyet haklar\u0131 ile korunan bilgilerin veya herhangi bir materyalin veya t\u00fcrev \u00e7al\u0131\u015fmalar\u0131n yay\u0131nlanmas\u0131, y\u00fcklenmesi, yay\u0131nlanmas\u0131, \u00e7o\u011falt\u0131lmas\u0131, iletilmesi veya da\u011f\u0131t\u0131lmas\u0131 telif hakk\u0131 sahibinden izin al\u0131nmadan kesinlikle yasakt\u0131r.<\/p>\n<p><strong>Telif Hakk\u0131<\/strong><\/p>\n<p>Bu web sitesi arac\u0131l\u0131\u011f\u0131yla eri\u015filebilen t\u00fcm i\u00e7erik telif hakk\u0131 ile korunmaktad\u0131r. \u0130\u00e7eri\u011fe ili\u015fkin telif hakk\u0131, fikri m\u00fclkiyet ve ilgili t\u00fcm haklar Soland&#8217;a aittir veya Soland taraf\u0131ndan denetlenmektedir. \u0130\u00e7erik bilgilerinin kullan\u0131m\u0131na veya \u00e7o\u011falt\u0131lmas\u0131na yaln\u0131zca ki\u015fisel, ticari olmayan veya e\u011fitim ama\u00e7l\u0131 olarak izin verilir. \u0130\u00e7eri\u011fin ba\u015fka herhangi bir \u015fekilde kullan\u0131lmas\u0131, \u00e7o\u011falt\u0131lmas\u0131, yay\u0131nlanmas\u0131 veya yeniden iletilmesi i\u00e7in telif hakk\u0131 sahibinden \u00f6nceden yaz\u0131l\u0131 izin al\u0131nmas\u0131 gerekir. Eri\u015filen herhangi bir i\u00e7erikte yer alan t\u00fcm telif hakk\u0131 bildirimlerine, bilgilerine ve k\u0131s\u0131tlamalar\u0131na uyulmas\u0131 ve bu bildirimlerin i\u00e7erik i\u00e7inde muhafaza edilmesi zorunludur.    <\/p>\n<p><strong>\u0130\u00e7erik De\u011fi\u015fiklikleri<\/strong><\/p>\n<p>Soland, web sitesindeki herhangi bir i\u00e7eri\u011fi tamamen veya k\u0131smen, kendi takdirine ba\u011fl\u0131 olarak, \u00f6nceden haber vermeksizin ve herhangi bir zamanda de\u011fi\u015ftirme veya kald\u0131rma yetkisini sakl\u0131 tutar.<\/p>\n<p><strong>\u00c7e\u015fitli<\/strong><\/p>\n<p>Yukar\u0131da belirtilen ko\u015fullar, bu web sitesini kullan\u0131m\u0131n\u0131zla ilgili olarak siz ve Soland aras\u0131ndaki kapsaml\u0131 anla\u015fman\u0131n ayr\u0131lmaz bir y\u00f6n\u00fcn\u00fc olu\u015fturur ve temsil eder. Soland&#8217;\u0131n bu s\u00f6zle\u015fmenin herhangi bir h\u00fckm\u00fcne s\u0131k\u0131 s\u0131k\u0131ya ba\u011fl\u0131l\u0131k konusunda \u0131srar etmeme veya bunu uygulamama karar\u0131, herhangi bir h\u00fck\u00fcm veya haktan feragat edildi\u011fi anlam\u0131na gelmez. Yetkili bir mahkeme herhangi bir ko\u015fulun ge\u00e7ersiz, h\u00fck\u00fcms\u00fcz veya uygulanamaz oldu\u011funa karar verirse, b\u00f6yle bir karar burada belirtilen di\u011fer h\u00fck\u00fcmleri etkilemeyecektir.  <\/p>\n\t\t\t\t\t\t\t\t<\/div>\n\t\t\t\t<\/div>\n\t\t\t\t\t<\/div>\n\t\t\t\t<\/div>\n\t\t\t\t<\/div>\n\t\t","protected":false},"excerpt":{"rendered":"<p>\u015eartlar ve Ko\u015fullar Soland&#8217;\u0131n Web Sitesine (bundan b\u00f6yle \u201cWeb Sitesi\u201d olarak an\u0131lacakt\u0131r) selamlar. Web sitemizdeki metin, resim ve ek i\u00e7erikleri (bundan b\u00f6yle \u201c\u0130\u00e7erik\u201d olarak an\u0131lacakt\u0131r) kapsayan materyaller, Soland taraf\u0131ndan yaln\u0131zca bilgilendirme amac\u0131yla sunulmaktad\u0131r. Web Sitesine girerek veya herhangi bir \u0130\u00e7eri\u011fi indirerek, a\u015fa\u011f\u0131da belirtilen H\u00fck\u00fcm ve ko\u015fullara uymay\u0131 kabul etti\u011finizi belirtmi\u015f olursunuz. Bu H\u00fck\u00fcm ve ko\u015fullara [&hellip;]<\/p>\n","protected":false},"author":11,"featured_media":0,"parent":0,"menu_order":0,"comment_status":"closed","ping_status":"closed","template":"elementor_header_footer","meta":{"_acf_changed":false,"inline_featured_image":false,"_monsterinsights_skip_tracking":false,"_monsterinsights_sitenote_active":false,"_monsterinsights_sitenote_note":"","_monsterinsights_sitenote_category":0,"_uf_show_specific_survey":0,"_uf_disable_surveys":false,"footnotes":""},"class_list":["post-12971","page","type-page","status-publish","hentry"],"acf":[],"aioseo_notices":[],"_links":{"self":[{"href":"https:\/\/solandworld.com\/tr\/wp-json\/wp\/v2\/pages\/12971","targetHints":{"allow":["GET"]}}],"collection":[{"href":"https:\/\/solandworld.com\/tr\/wp-json\/wp\/v2\/pages"}],"about":[{"href":"https:\/\/solandworld.com\/tr\/wp-json\/wp\/v2\/types\/page"}],"author":[{"embeddable":true,"href":"https:\/\/solandworld.com\/tr\/wp-json\/wp\/v2\/users\/11"}],"replies":[{"embeddable":true,"href":"https:\/\/solandworld.com\/tr\/wp-json\/wp\/v2\/comments?post=12971"}],"version-history":[{"count":0,"href":"https:\/\/solandworld.com\/tr\/wp-json\/wp\/v2\/pages\/12971\/revisions"}],"wp:attachment":[{"href":"https:\/\/solandworld.com\/tr\/wp-json\/wp\/v2\/media?parent=12971"}],"curies":[{"name":"wp","href":"https:\/\/api.w.org\/{rel}","templated":true}]}}