{"id":12915,"date":"2024-06-04T16:19:52","date_gmt":"2024-06-04T16:19:52","guid":{"rendered":"https:\/\/solandworld.com\/yunanistan-golden-visa-ucretsiz-webinari-tesekkurler\/"},"modified":"2024-11-26T17:41:10","modified_gmt":"2024-11-26T17:41:10","slug":"yunanistan-golden-visa-ucretsiz-webinari-tesekkurler","status":"publish","type":"page","link":"https:\/\/solandworld.com\/tr\/yunanistan-golden-visa-ucretsiz-webinari-tesekkurler\/","title":{"rendered":"Yunanistan Golden Visa \u00dccretsiz Webinar\u0131 &#8211; Te\u015fekk\u00fcrler"},"content":{"rendered":"\t\t<div data-elementor-type=\"wp-page\" data-elementor-id=\"12915\" class=\"elementor elementor-12915\" data-elementor-post-type=\"page\">\n\t\t\t\t<div data-dce-background-overlay-color=\"#20242D\" data-dce-background-image-url=\"https:\/\/solandworld.com\/wp-content\/uploads\/2024\/06\/greece-webinar.jpg\" class=\"elementor-element elementor-element-d610181 e-flex e-con-boxed e-con e-parent\" data-id=\"d610181\" data-element_type=\"container\" data-settings=\"{&quot;background_background&quot;:&quot;classic&quot;}\">\n\t\t\t\t\t<div class=\"e-con-inner\">\n\t\t<div class=\"elementor-element elementor-element-7c3c839 e-flex e-con-boxed e-con e-child\" data-id=\"7c3c839\" data-element_type=\"container\">\n\t\t\t\t\t<div class=\"e-con-inner\">\n\t\t<div class=\"elementor-element elementor-element-ef45a51 e-flex e-con-boxed e-con e-child\" data-id=\"ef45a51\" data-element_type=\"container\" data-settings=\"{&quot;background_background&quot;:&quot;classic&quot;}\">\n\t\t\t\t\t<div class=\"e-con-inner\">\n\t\t\t\t<div class=\"elementor-element elementor-element-d723c4c dce_masking-none elementor-widget elementor-widget-image\" data-id=\"d723c4c\" data-element_type=\"widget\" data-widget_type=\"image.default\">\n\t\t\t\t<div class=\"elementor-widget-container\">\n\t\t\t\t\t\t\t\t\t\t\t\t\t\t\t\t<a href=\"https:\/\/solandworld.com\/tr\/\">\n\t\t\t\t\t\t\t<img fetchpriority=\"high\" decoding=\"async\" width=\"500\" height=\"130\" src=\"https:\/\/solandworld.com\/wp-content\/uploads\/2024\/04\/soland-logo-gold.png\" class=\"attachment-large size-large wp-image-11214\" alt=\"\" srcset=\"https:\/\/solandworld.com\/wp-content\/uploads\/2024\/04\/soland-logo-gold.png 500w, https:\/\/solandworld.com\/wp-content\/uploads\/2024\/04\/soland-logo-gold-300x78.png 300w\" sizes=\"(max-width: 500px) 100vw, 500px\" \/>\t\t\t\t\t\t\t\t<\/a>\n\t\t\t\t\t\t\t\t\t\t\t\t\t\t\t<\/div>\n\t\t\t\t<\/div>\n\t\t\t\t<div class=\"elementor-element elementor-element-f69b60b elementor-widget elementor-widget-heading\" data-id=\"f69b60b\" data-element_type=\"widget\" data-widget_type=\"heading.default\">\n\t\t\t\t<div class=\"elementor-widget-container\">\n\t\t\t\t\t<h2 class=\"elementor-heading-title elementor-size-default\">Kaydoldu\u011funuz i\u00e7in te\u015fekk\u00fcr ederiz!  <\/h2>\t\t\t\t<\/div>\n\t\t\t\t<\/div>\n\t\t\t\t<div class=\"elementor-element elementor-element-c402149 elementor-widget-divider--view-line elementor-widget elementor-widget-divider\" data-id=\"c402149\" data-element_type=\"widget\" data-widget_type=\"divider.default\">\n\t\t\t\t<div class=\"elementor-widget-container\">\n\t\t\t\t\t\t\t<div class=\"elementor-divider\">\n\t\t\t<span class=\"elementor-divider-separator\">\n\t\t\t\t\t\t<\/span>\n\t\t<\/div>\n\t\t\t\t\t\t<\/div>\n\t\t\t\t<\/div>\n\t\t\t\t<div class=\"elementor-element elementor-element-924a254 elementor-widget elementor-widget-text-editor\" data-id=\"924a254\" data-element_type=\"widget\" data-widget_type=\"text-editor.default\">\n\t\t\t\t<div class=\"elementor-widget-container\">\n\t\t\t\t\t\t\t\t\t<p>Soland World &#8211; Yunanistan Alt\u0131n Vizesiz Web Seminerine g\u00f6sterdi\u011finiz ilgi i\u00e7in te\u015fekk\u00fcr ederiz! Bu \u00f6zel etkinlikte bilgi ve uzmanl\u0131\u011f\u0131m\u0131z\u0131 sizlerle payla\u015faca\u011f\u0131m\u0131z i\u00e7in heyecanl\u0131y\u0131z. <\/p>\n<p>\u015eimdi <strong>6 Haziran 2024 Sal\u0131 g\u00fcn\u00fc Asya\/Dubai saatiyle 05:00&#8217;te<\/strong> (saat diliminize \u00e7evirin) bize kat\u0131lmak i\u00e7in kay\u0131t oldunuz. Yunanistan Golden Visa program\u0131n\u0131, faydalar\u0131n\u0131, yat\u0131r\u0131m e\u015fiklerini ve Yunanistan&#8217;daki emlak piyasas\u0131 trendlerini ele alaca\u011f\u0131z. <\/p>\n<p>Web seminerinden \u00f6nce, web seminerine kat\u0131lma ba\u011flant\u0131s\u0131 ve haz\u0131rlanmak i\u00e7in ihtiya\u00e7 duyabilece\u011finiz ek kaynaklar da dahil olmak \u00fczere gerekli t\u00fcm ayr\u0131nt\u0131lar\u0131 i\u00e7eren bir hat\u0131rlatma alacaks\u0131n\u0131z.<\/p>\n<p>Geli\u015fmeler i\u00e7in bizi izlemeye devam edin ve 6 Haziran&#8217;da sizi aram\u0131zda g\u00f6rmek i\u00e7in sab\u0131rs\u0131zlan\u0131yoruz!<\/p>\n<p>Sayg\u0131lar\u0131mla,<br \/>Soland Ekibi<\/p>\n\t\t\t\t\t\t\t\t<\/div>\n\t\t\t\t<\/div>\n\t\t\t\t\t<\/div>\n\t\t\t\t<\/div>\n\t\t\t\t\t<\/div>\n\t\t\t\t<\/div>\n\t\t\t\t\t<\/div>\n\t\t\t\t<\/div>\n\t\t\t\t<\/div>\n\t\t","protected":false},"excerpt":{"rendered":"<p>Kaydoldu\u011funuz i\u00e7in te\u015fekk\u00fcr ederiz! Soland World &#8211; Yunanistan Alt\u0131n Vizesiz Web Seminerine g\u00f6sterdi\u011finiz ilgi i\u00e7in te\u015fekk\u00fcr ederiz! Bu \u00f6zel etkinlikte bilgi ve uzmanl\u0131\u011f\u0131m\u0131z\u0131 sizlerle payla\u015faca\u011f\u0131m\u0131z i\u00e7in heyecanl\u0131y\u0131z. \u015eimdi 6 Haziran 2024 Sal\u0131 g\u00fcn\u00fc Asya\/Dubai saatiyle 05:00&#8217;te (saat diliminize \u00e7evirin) bize kat\u0131lmak i\u00e7in kay\u0131t oldunuz. Yunanistan Golden Visa program\u0131n\u0131, faydalar\u0131n\u0131, yat\u0131r\u0131m e\u015fiklerini ve Yunanistan&#8217;daki emlak piyasas\u0131 [&hellip;]<\/p>\n","protected":false},"author":11,"featured_media":0,"parent":0,"menu_order":0,"comment_status":"closed","ping_status":"closed","template":"elementor_canvas","meta":{"_acf_changed":false,"inline_featured_image":false,"_monsterinsights_skip_tracking":false,"_monsterinsights_sitenote_active":false,"_monsterinsights_sitenote_note":"","_monsterinsights_sitenote_category":0,"_uf_show_specific_survey":0,"_uf_disable_surveys":false,"footnotes":""},"class_list":["post-12915","page","type-page","status-publish","hentry"],"acf":[],"aioseo_notices":[],"_links":{"self":[{"href":"https:\/\/solandworld.com\/tr\/wp-json\/wp\/v2\/pages\/12915","targetHints":{"allow":["GET"]}}],"collection":[{"href":"https:\/\/solandworld.com\/tr\/wp-json\/wp\/v2\/pages"}],"about":[{"href":"https:\/\/solandworld.com\/tr\/wp-json\/wp\/v2\/types\/page"}],"author":[{"embeddable":true,"href":"https:\/\/solandworld.com\/tr\/wp-json\/wp\/v2\/users\/11"}],"replies":[{"embeddable":true,"href":"https:\/\/solandworld.com\/tr\/wp-json\/wp\/v2\/comments?post=12915"}],"version-history":[{"count":0,"href":"https:\/\/solandworld.com\/tr\/wp-json\/wp\/v2\/pages\/12915\/revisions"}],"wp:attachment":[{"href":"https:\/\/solandworld.com\/tr\/wp-json\/wp\/v2\/media?parent=12915"}],"curies":[{"name":"wp","href":"https:\/\/api.w.org\/{rel}","templated":true}]}}