{"id":12894,"date":"2024-06-13T20:51:12","date_gmt":"2024-06-13T20:51:12","guid":{"rendered":"https:\/\/solandworld.com\/emlakci-tesekkur-ederim\/"},"modified":"2024-11-26T17:35:32","modified_gmt":"2024-11-26T17:35:32","slug":"emlakci-tesekkur-ederim","status":"publish","type":"page","link":"https:\/\/solandworld.com\/tr\/emlakci-tesekkur-ederim\/","title":{"rendered":"Emlak\u00e7\u0131 &#8211; te\u015fekk\u00fcr ederim"},"content":{"rendered":"\t\t<div data-elementor-type=\"wp-page\" data-elementor-id=\"12894\" class=\"elementor elementor-12894 elementor-8274\" data-elementor-post-type=\"page\">\n\t\t\t\t<div data-dce-background-image-url=\"https:\/\/solandworld.com\/wp-content\/uploads\/2024\/04\/world-contact-us.png\" class=\"elementor-element elementor-element-58dd74b e-flex e-con-boxed e-con e-parent\" data-id=\"58dd74b\" data-element_type=\"container\" data-settings=\"{&quot;background_background&quot;:&quot;classic&quot;}\">\n\t\t\t\t\t<div class=\"e-con-inner\">\n\t\t<div class=\"elementor-element elementor-element-d09e3ef e-flex e-con-boxed e-con e-child\" data-id=\"d09e3ef\" data-element_type=\"container\">\n\t\t\t\t\t<div class=\"e-con-inner\">\n\t\t\t\t<div class=\"elementor-element elementor-element-1d450d2 elementor-widget elementor-widget-heading\" data-id=\"1d450d2\" data-element_type=\"widget\" data-widget_type=\"heading.default\">\n\t\t\t\t<div class=\"elementor-widget-container\">\n\t\t\t\t\t<h2 class=\"elementor-heading-title elementor-size-default\">Ba\u015fvurunuz i\u00e7in te\u015fekk\u00fcr ederiz!<\/h2>\t\t\t\t<\/div>\n\t\t\t\t<\/div>\n\t\t\t\t<div class=\"elementor-element elementor-element-c4bfc41 elementor-widget-divider--view-line elementor-widget elementor-widget-divider\" data-id=\"c4bfc41\" data-element_type=\"widget\" data-widget_type=\"divider.default\">\n\t\t\t\t<div class=\"elementor-widget-container\">\n\t\t\t\t\t\t\t<div class=\"elementor-divider\">\n\t\t\t<span class=\"elementor-divider-separator\">\n\t\t\t\t\t\t<\/span>\n\t\t<\/div>\n\t\t\t\t\t\t<\/div>\n\t\t\t\t<\/div>\n\t\t\t\t<div class=\"elementor-element elementor-element-ddd9320 elementor-widget elementor-widget-text-editor\" data-id=\"ddd9320\" data-element_type=\"widget\" data-widget_type=\"text-editor.default\">\n\t\t\t\t<div class=\"elementor-widget-container\">\n\t\t\t\t\t\t\t\t\t<p>Soland ekibine emlak dan\u0131\u015fman\u0131 olarak kat\u0131lmak istedi\u011finizi belirtti\u011finiz i\u00e7in te\u015fekk\u00fcr ederiz. Bizimle bir kariyer yapmay\u0131 d\u00fc\u015f\u00fcnd\u00fc\u011f\u00fcn\u00fcz ve emlak sekt\u00f6r\u00fcnde heyecan verici bir gelece\u011fe do\u011fru ilk ad\u0131m\u0131 att\u0131\u011f\u0131n\u0131z i\u00e7in \u00e7ok heyecanl\u0131y\u0131z. <\/p>\n<p>\u0130\u015fe al\u0131m ekibimiz ba\u015fvurunuzu ald\u0131 ve detayl\u0131 bir \u015fekilde inceleyecek. Nitelikleriniz mevcut a\u00e7\u0131k pozisyonlar\u0131m\u0131zla e\u015fle\u015fiyorsa, i\u015fe al\u0131m s\u00fcrecindeki sonraki ad\u0131mlar\u0131 g\u00f6r\u00fc\u015fmek \u00fczere k\u0131sa s\u00fcre i\u00e7inde sizinle ileti\u015fime ge\u00e7ece\u011fiz. <\/p>\n<p>Bu arada, acil sorular\u0131n\u0131z varsa veya daha fazla yard\u0131ma ihtiyac\u0131n\u0131z varsa, <a href=\"tel:+971204261390\">+971 2 042 613 90<\/a> numaral\u0131 telefondan veya <a href=\"mailto:info@solandworld.com\">info@solandworld.com<\/a> adresinden bizimle ileti\u015fime ge\u00e7mekten \u00e7ekinmeyin.<\/p>\n<p>Soland&#8217;a g\u00f6sterdi\u011finiz ilgi i\u00e7in te\u015fekk\u00fcr ediyor ve birlikte \u00e7al\u0131\u015fma olas\u0131l\u0131\u011f\u0131n\u0131 d\u00f6rt g\u00f6zle bekliyoruz.<\/p>\n<p>Sayg\u0131lar\u0131mla,<br \/>Soland ekibi<\/p>\n\t\t\t\t\t\t\t\t<\/div>\n\t\t\t\t<\/div>\n\t\t\t\t\t<\/div>\n\t\t\t\t<\/div>\n\t\t\t\t\t<\/div>\n\t\t\t\t<\/div>\n\t\t\t\t<\/div>\n\t\t","protected":false},"excerpt":{"rendered":"<p>Ba\u015fvurunuz i\u00e7in te\u015fekk\u00fcr ederiz! Soland ekibine emlak dan\u0131\u015fman\u0131 olarak kat\u0131lmak istedi\u011finizi belirtti\u011finiz i\u00e7in te\u015fekk\u00fcr ederiz. Bizimle bir kariyer yapmay\u0131 d\u00fc\u015f\u00fcnd\u00fc\u011f\u00fcn\u00fcz ve emlak sekt\u00f6r\u00fcnde heyecan verici bir gelece\u011fe do\u011fru ilk ad\u0131m\u0131 att\u0131\u011f\u0131n\u0131z i\u00e7in \u00e7ok heyecanl\u0131y\u0131z. \u0130\u015fe al\u0131m ekibimiz ba\u015fvurunuzu ald\u0131 ve detayl\u0131 bir \u015fekilde inceleyecek. Nitelikleriniz mevcut a\u00e7\u0131k pozisyonlar\u0131m\u0131zla e\u015fle\u015fiyorsa, i\u015fe al\u0131m s\u00fcrecindeki sonraki ad\u0131mlar\u0131 g\u00f6r\u00fc\u015fmek [&hellip;]<\/p>\n","protected":false},"author":11,"featured_media":0,"parent":0,"menu_order":0,"comment_status":"closed","ping_status":"closed","template":"elementor_header_footer","meta":{"_acf_changed":false,"inline_featured_image":false,"_monsterinsights_skip_tracking":false,"_monsterinsights_sitenote_active":false,"_monsterinsights_sitenote_note":"","_monsterinsights_sitenote_category":0,"_uf_show_specific_survey":0,"_uf_disable_surveys":false,"footnotes":""},"class_list":["post-12894","page","type-page","status-publish","hentry"],"acf":[],"aioseo_notices":[],"_links":{"self":[{"href":"https:\/\/solandworld.com\/tr\/wp-json\/wp\/v2\/pages\/12894","targetHints":{"allow":["GET"]}}],"collection":[{"href":"https:\/\/solandworld.com\/tr\/wp-json\/wp\/v2\/pages"}],"about":[{"href":"https:\/\/solandworld.com\/tr\/wp-json\/wp\/v2\/types\/page"}],"author":[{"embeddable":true,"href":"https:\/\/solandworld.com\/tr\/wp-json\/wp\/v2\/users\/11"}],"replies":[{"embeddable":true,"href":"https:\/\/solandworld.com\/tr\/wp-json\/wp\/v2\/comments?post=12894"}],"version-history":[{"count":0,"href":"https:\/\/solandworld.com\/tr\/wp-json\/wp\/v2\/pages\/12894\/revisions"}],"wp:attachment":[{"href":"https:\/\/solandworld.com\/tr\/wp-json\/wp\/v2\/media?parent=12894"}],"curies":[{"name":"wp","href":"https:\/\/api.w.org\/{rel}","templated":true}]}}