{"id":12877,"date":"2024-07-16T14:12:07","date_gmt":"2024-07-16T14:12:07","guid":{"rendered":"https:\/\/solandworld.com\/kanada-start-up-vizesi-tesekkurler\/"},"modified":"2024-11-26T17:35:14","modified_gmt":"2024-11-26T17:35:14","slug":"kanada-start-up-vizesi-tesekkurler","status":"publish","type":"page","link":"https:\/\/solandworld.com\/tr\/kanada-start-up-vizesi-tesekkurler\/","title":{"rendered":"Kanada Start-Up Vizesi &#8211; Te\u015fekk\u00fcrler"},"content":{"rendered":"\t\t<div data-elementor-type=\"wp-page\" data-elementor-id=\"12877\" class=\"elementor elementor-12877 elementor-8686\" data-elementor-post-type=\"page\">\n\t\t\t\t<div data-dce-background-image-url=\"https:\/\/solandworld.com\/wp-content\/uploads\/2024\/04\/canada-map-background-1.png\" class=\"elementor-element elementor-element-9944009 e-flex e-con-boxed e-con e-parent\" data-id=\"9944009\" data-element_type=\"container\" data-settings=\"{&quot;background_background&quot;:&quot;classic&quot;}\">\n\t\t\t\t\t<div class=\"e-con-inner\">\n\t\t<div class=\"elementor-element elementor-element-f420f27 e-flex e-con-boxed e-con e-child\" data-id=\"f420f27\" data-element_type=\"container\">\n\t\t\t\t\t<div class=\"e-con-inner\">\n\t\t\t\t<div class=\"elementor-element elementor-element-3d6e86a elementor-widget elementor-widget-heading\" data-id=\"3d6e86a\" data-element_type=\"widget\" data-widget_type=\"heading.default\">\n\t\t\t\t<div class=\"elementor-widget-container\">\n\t\t\t\t\t<h2 class=\"elementor-heading-title elementor-size-default\">Ba\u015fvurdu\u011funuz i\u00e7in te\u015fekk\u00fcr ederiz!<\/h2>\t\t\t\t<\/div>\n\t\t\t\t<\/div>\n\t\t\t\t<div class=\"elementor-element elementor-element-f308547 elementor-widget-divider--view-line elementor-widget elementor-widget-divider\" data-id=\"f308547\" data-element_type=\"widget\" data-widget_type=\"divider.default\">\n\t\t\t\t<div class=\"elementor-widget-container\">\n\t\t\t\t\t\t\t<div class=\"elementor-divider\">\n\t\t\t<span class=\"elementor-divider-separator\">\n\t\t\t\t\t\t<\/span>\n\t\t<\/div>\n\t\t\t\t\t\t<\/div>\n\t\t\t\t<\/div>\n\t\t\t\t<div class=\"elementor-element elementor-element-66e58f5 elementor-widget elementor-widget-text-editor\" data-id=\"66e58f5\" data-element_type=\"widget\" data-widget_type=\"text-editor.default\">\n\t\t\t\t<div class=\"elementor-widget-container\">\n\t\t\t\t\t\t\t\t\t<p>Soland ile ikamet yolculu\u011funuza do\u011fru ilk ad\u0131m\u0131 att\u0131\u011f\u0131n\u0131z i\u00e7in te\u015fekk\u00fcr ederiz. Ba\u015fvurunuzu ald\u0131k ve Kanada Start-Up Vizesi alma hayalinizi ger\u00e7ekle\u015ftirmenize yard\u0131mc\u0131 olmaktan heyecan duyuyoruz. <\/p>\n<p>Ekibimiz bilgilerinizi inceleyecek ve ki\u015fiselle\u015ftirilmi\u015f dan\u0131\u015fmanl\u0131\u011f\u0131n\u0131z\u0131 planlamak i\u00e7in derhal size geri d\u00f6necektir. Bu arada, acil sorular\u0131n\u0131z varsa veya daha fazla yard\u0131ma ihtiyac\u0131n\u0131z varsa, <a href=\"tel:+971%204%20266%208615\">+971 4 266 8615<\/a> numaral\u0131 telefondan veya <a href=\"mailto:info@solandworld.com\">info@solandworld.com<\/a> adresinden bizimle ileti\u015fime ge\u00e7mekten \u00e7ekinmeyin. <\/p>\n<p>Bu heyecan verici yolculu\u011fa sizinle birlikte \u00e7\u0131kmay\u0131 ve Kanada&#8217;da daha parlak bir gelece\u011fin kap\u0131lar\u0131n\u0131 a\u00e7man\u0131za yard\u0131mc\u0131 olmay\u0131 d\u00f6rt g\u00f6zle bekliyoruz.<\/p>\n<p>Sayg\u0131lar\u0131mla,<br \/>Soland ekibi<\/p>\n\t\t\t\t\t\t\t\t<\/div>\n\t\t\t\t<\/div>\n\t\t\t\t\t<\/div>\n\t\t\t\t<\/div>\n\t\t\t\t\t<\/div>\n\t\t\t\t<\/div>\n\t\t\t\t<\/div>\n\t\t","protected":false},"excerpt":{"rendered":"<p>Ba\u015fvurdu\u011funuz i\u00e7in te\u015fekk\u00fcr ederiz! Soland ile ikamet yolculu\u011funuza do\u011fru ilk ad\u0131m\u0131 att\u0131\u011f\u0131n\u0131z i\u00e7in te\u015fekk\u00fcr ederiz. Ba\u015fvurunuzu ald\u0131k ve Kanada Start-Up Vizesi alma hayalinizi ger\u00e7ekle\u015ftirmenize yard\u0131mc\u0131 olmaktan heyecan duyuyoruz. Ekibimiz bilgilerinizi inceleyecek ve ki\u015fiselle\u015ftirilmi\u015f dan\u0131\u015fmanl\u0131\u011f\u0131n\u0131z\u0131 planlamak i\u00e7in derhal size geri d\u00f6necektir. Bu arada, acil sorular\u0131n\u0131z varsa veya daha fazla yard\u0131ma ihtiyac\u0131n\u0131z varsa, +971 4 266 8615 [&hellip;]<\/p>\n","protected":false},"author":11,"featured_media":0,"parent":0,"menu_order":0,"comment_status":"closed","ping_status":"closed","template":"elementor_header_footer","meta":{"_acf_changed":false,"inline_featured_image":false,"_monsterinsights_skip_tracking":false,"_monsterinsights_sitenote_active":false,"_monsterinsights_sitenote_note":"","_monsterinsights_sitenote_category":0,"_uf_show_specific_survey":0,"_uf_disable_surveys":false,"footnotes":""},"class_list":["post-12877","page","type-page","status-publish","hentry"],"acf":[],"aioseo_notices":[],"_links":{"self":[{"href":"https:\/\/solandworld.com\/tr\/wp-json\/wp\/v2\/pages\/12877","targetHints":{"allow":["GET"]}}],"collection":[{"href":"https:\/\/solandworld.com\/tr\/wp-json\/wp\/v2\/pages"}],"about":[{"href":"https:\/\/solandworld.com\/tr\/wp-json\/wp\/v2\/types\/page"}],"author":[{"embeddable":true,"href":"https:\/\/solandworld.com\/tr\/wp-json\/wp\/v2\/users\/11"}],"replies":[{"embeddable":true,"href":"https:\/\/solandworld.com\/tr\/wp-json\/wp\/v2\/comments?post=12877"}],"version-history":[{"count":0,"href":"https:\/\/solandworld.com\/tr\/wp-json\/wp\/v2\/pages\/12877\/revisions"}],"wp:attachment":[{"href":"https:\/\/solandworld.com\/tr\/wp-json\/wp\/v2\/media?parent=12877"}],"curies":[{"name":"wp","href":"https:\/\/api.w.org\/{rel}","templated":true}]}}