{"id":12850,"date":"2024-07-16T14:38:06","date_gmt":"2024-07-16T14:38:06","guid":{"rendered":"https:\/\/solandworld.com\/bali-real-estate-tesekkurler\/"},"modified":"2024-11-26T17:34:32","modified_gmt":"2024-11-26T17:34:32","slug":"bali-real-estate-tesekkurler","status":"publish","type":"page","link":"https:\/\/solandworld.com\/tr\/bali-real-estate-tesekkurler\/","title":{"rendered":"Bali Real Estate &#8211; Te\u015fekk\u00fcrler"},"content":{"rendered":"\t\t<div data-elementor-type=\"wp-page\" data-elementor-id=\"12850\" class=\"elementor elementor-12850 elementor-8784\" data-elementor-post-type=\"page\">\n\t\t\t\t<div data-dce-background-image-url=\"https:\/\/solandworld.com\/wp-content\/uploads\/2024\/04\/Bali-background-form-2.png\" class=\"elementor-element elementor-element-91a2e82 e-flex e-con-boxed e-con e-parent\" data-id=\"91a2e82\" data-element_type=\"container\" data-settings=\"{&quot;background_background&quot;:&quot;classic&quot;}\">\n\t\t\t\t\t<div class=\"e-con-inner\">\n\t\t<div class=\"elementor-element elementor-element-6ac6ed9 e-flex e-con-boxed e-con e-child\" data-id=\"6ac6ed9\" data-element_type=\"container\">\n\t\t\t\t\t<div class=\"e-con-inner\">\n\t\t\t\t<div class=\"elementor-element elementor-element-d487105 elementor-widget elementor-widget-heading\" data-id=\"d487105\" data-element_type=\"widget\" data-widget_type=\"heading.default\">\n\t\t\t\t<div class=\"elementor-widget-container\">\n\t\t\t\t\t<h2 class=\"elementor-heading-title elementor-size-default\">Ba\u015fvurdu\u011funuz i\u00e7in te\u015fekk\u00fcr ederiz!  <\/h2>\t\t\t\t<\/div>\n\t\t\t\t<\/div>\n\t\t\t\t<div class=\"elementor-element elementor-element-f4416e9 elementor-widget-divider--view-line elementor-widget elementor-widget-divider\" data-id=\"f4416e9\" data-element_type=\"widget\" data-widget_type=\"divider.default\">\n\t\t\t\t<div class=\"elementor-widget-container\">\n\t\t\t\t\t\t\t<div class=\"elementor-divider\">\n\t\t\t<span class=\"elementor-divider-separator\">\n\t\t\t\t\t\t<\/span>\n\t\t<\/div>\n\t\t\t\t\t\t<\/div>\n\t\t\t\t<\/div>\n\t\t\t\t<div class=\"elementor-element elementor-element-39c9423 elementor-widget elementor-widget-text-editor\" data-id=\"39c9423\" data-element_type=\"widget\" data-widget_type=\"text-editor.default\">\n\t\t\t\t<div class=\"elementor-widget-container\">\n\t\t\t\t\t\t\t\t\t<p>Bali, Endonezya&#8217;da Soland&#8217;da Uluslararas\u0131 Gayrimenkul Program\u0131m\u0131z ile yolculu\u011funuza ilk ad\u0131m\u0131 att\u0131\u011f\u0131n\u0131z i\u00e7in te\u015fekk\u00fcr ederiz. Sorgunuzu ald\u0131k ve Bali&#8217;de l\u00fcks m\u00fclk edinme hayalinizi ger\u00e7ekle\u015ftirmenize yard\u0131mc\u0131 olmaktan heyecan duyuyoruz. <\/p>\n<p>Soland&#8217;da, \u00f6nde gelen konumlarda se\u00e7kin l\u00fcks m\u00fclkler sunuyoruz. Uzman ekibimiz, do\u011fru m\u00fclk\u00fc se\u00e7mekten ihtiya\u00e7lar\u0131n\u0131za g\u00f6re uyarlanm\u0131\u015f m\u00fckemmel yat\u0131r\u0131m\u0131 edinmeye kadar her ad\u0131mda size rehberlik edecektir. <\/p>\n<p>Ekibimiz bilgilerinizi inceleyecek ve ki\u015fiselle\u015ftirilmi\u015f dan\u0131\u015fmanl\u0131\u011f\u0131n\u0131z\u0131 planlamak i\u00e7in derhal size geri d\u00f6necektir. Bu arada, acil sorular\u0131n\u0131z varsa veya daha fazla yard\u0131ma ihtiyac\u0131n\u0131z varsa, <a href=\"tel:+971%204%20266%208615\">+971 4 266 8615<\/a> numaral\u0131 telefondan veya <a href=\"mailto:info@solandworld.com\">info@solandworld.com<\/a> adresinden bizimle ileti\u015fime ge\u00e7mekten \u00e7ekinmeyin. <\/p>\n<p>Bu heyecan verici yolculu\u011fa sizinle birlikte \u00e7\u0131kmay\u0131 ve Bali&#8217;de hayalinizdeki m\u00fclk\u00fc edinerek daha parlak bir gelece\u011fin kap\u0131lar\u0131n\u0131 a\u00e7man\u0131za yard\u0131mc\u0131 olmay\u0131 d\u00f6rt g\u00f6zle bekliyoruz.<\/p>\n<p>Sayg\u0131lar\u0131mla,<br \/>Soland ekibi<\/p>\n\t\t\t\t\t\t\t\t<\/div>\n\t\t\t\t<\/div>\n\t\t\t\t\t<\/div>\n\t\t\t\t<\/div>\n\t\t\t\t\t<\/div>\n\t\t\t\t<\/div>\n\t\t\t\t<\/div>\n\t\t","protected":false},"excerpt":{"rendered":"<p>Ba\u015fvurdu\u011funuz i\u00e7in te\u015fekk\u00fcr ederiz! Bali, Endonezya&#8217;da Soland&#8217;da Uluslararas\u0131 Gayrimenkul Program\u0131m\u0131z ile yolculu\u011funuza ilk ad\u0131m\u0131 att\u0131\u011f\u0131n\u0131z i\u00e7in te\u015fekk\u00fcr ederiz. Sorgunuzu ald\u0131k ve Bali&#8217;de l\u00fcks m\u00fclk edinme hayalinizi ger\u00e7ekle\u015ftirmenize yard\u0131mc\u0131 olmaktan heyecan duyuyoruz. Soland&#8217;da, \u00f6nde gelen konumlarda se\u00e7kin l\u00fcks m\u00fclkler sunuyoruz. Uzman ekibimiz, do\u011fru m\u00fclk\u00fc se\u00e7mekten ihtiya\u00e7lar\u0131n\u0131za g\u00f6re uyarlanm\u0131\u015f m\u00fckemmel yat\u0131r\u0131m\u0131 edinmeye kadar her ad\u0131mda size rehberlik [&hellip;]<\/p>\n","protected":false},"author":11,"featured_media":0,"parent":0,"menu_order":0,"comment_status":"closed","ping_status":"closed","template":"elementor_header_footer","meta":{"_acf_changed":false,"inline_featured_image":false,"_monsterinsights_skip_tracking":false,"_monsterinsights_sitenote_active":false,"_monsterinsights_sitenote_note":"","_monsterinsights_sitenote_category":0,"_uf_show_specific_survey":0,"_uf_disable_surveys":false,"footnotes":""},"class_list":["post-12850","page","type-page","status-publish","hentry"],"acf":[],"aioseo_notices":[],"_links":{"self":[{"href":"https:\/\/solandworld.com\/tr\/wp-json\/wp\/v2\/pages\/12850","targetHints":{"allow":["GET"]}}],"collection":[{"href":"https:\/\/solandworld.com\/tr\/wp-json\/wp\/v2\/pages"}],"about":[{"href":"https:\/\/solandworld.com\/tr\/wp-json\/wp\/v2\/types\/page"}],"author":[{"embeddable":true,"href":"https:\/\/solandworld.com\/tr\/wp-json\/wp\/v2\/users\/11"}],"replies":[{"embeddable":true,"href":"https:\/\/solandworld.com\/tr\/wp-json\/wp\/v2\/comments?post=12850"}],"version-history":[{"count":0,"href":"https:\/\/solandworld.com\/tr\/wp-json\/wp\/v2\/pages\/12850\/revisions"}],"wp:attachment":[{"href":"https:\/\/solandworld.com\/tr\/wp-json\/wp\/v2\/media?parent=12850"}],"curies":[{"name":"wp","href":"https:\/\/api.w.org\/{rel}","templated":true}]}}