{"id":12839,"date":"2024-07-16T14:33:30","date_gmt":"2024-07-16T14:33:30","guid":{"rendered":"https:\/\/solandworld.com\/karadag-sirketinizi-kurun-tesekkurler\/"},"modified":"2024-11-26T17:34:07","modified_gmt":"2024-11-26T17:34:07","slug":"karadag-sirketinizi-kurun-tesekkurler","status":"publish","type":"page","link":"https:\/\/solandworld.com\/tr\/karadag-sirketinizi-kurun-tesekkurler\/","title":{"rendered":"Karada\u011f &#8211; \u015eirketinizi Kurun &#8211; Te\u015fekk\u00fcrler"},"content":{"rendered":"\t\t<div data-elementor-type=\"wp-page\" data-elementor-id=\"12839\" class=\"elementor elementor-12839 elementor-8767\" data-elementor-post-type=\"page\">\n\t\t\t\t<div data-dce-background-image-url=\"https:\/\/solandworld.com\/wp-content\/uploads\/2024\/04\/montenegro-map-form.png\" class=\"elementor-element elementor-element-dcfbbb7 e-flex e-con-boxed e-con e-parent\" data-id=\"dcfbbb7\" data-element_type=\"container\" data-settings=\"{&quot;background_background&quot;:&quot;classic&quot;}\">\n\t\t\t\t\t<div class=\"e-con-inner\">\n\t\t<div class=\"elementor-element elementor-element-2fca8aa e-flex e-con-boxed e-con e-child\" data-id=\"2fca8aa\" data-element_type=\"container\">\n\t\t\t\t\t<div class=\"e-con-inner\">\n\t\t\t\t<div class=\"elementor-element elementor-element-90ed70c elementor-widget elementor-widget-heading\" data-id=\"90ed70c\" data-element_type=\"widget\" data-widget_type=\"heading.default\">\n\t\t\t\t<div class=\"elementor-widget-container\">\n\t\t\t\t\t<h2 class=\"elementor-heading-title elementor-size-default\">Ba\u015fvurdu\u011funuz i\u00e7in te\u015fekk\u00fcr ederiz!  <\/h2>\t\t\t\t<\/div>\n\t\t\t\t<\/div>\n\t\t\t\t<div class=\"elementor-element elementor-element-0b54df6 elementor-widget-divider--view-line elementor-widget elementor-widget-divider\" data-id=\"0b54df6\" data-element_type=\"widget\" data-widget_type=\"divider.default\">\n\t\t\t\t<div class=\"elementor-widget-container\">\n\t\t\t\t\t\t\t<div class=\"elementor-divider\">\n\t\t\t<span class=\"elementor-divider-separator\">\n\t\t\t\t\t\t<\/span>\n\t\t<\/div>\n\t\t\t\t\t\t<\/div>\n\t\t\t\t<\/div>\n\t\t\t\t<div class=\"elementor-element elementor-element-630aa7f elementor-widget elementor-widget-text-editor\" data-id=\"630aa7f\" data-element_type=\"widget\" data-widget_type=\"text-editor.default\">\n\t\t\t\t<div class=\"elementor-widget-container\">\n\t\t\t\t\t\t\t\t\t<p>Soland olarak Karada\u011f&#8217;da Yurtd\u0131\u015f\u0131nda \u015eirket Kurma Program\u0131m\u0131z ile yolculu\u011funuza ilk ad\u0131m\u0131 att\u0131\u011f\u0131n\u0131z i\u00e7in te\u015fekk\u00fcr ederiz. Ba\u015fvurunuzu ald\u0131k ve Karada\u011f&#8217;da kendi \u015firketinizi kurma hayalinizi ger\u00e7ekle\u015ftirmenize yard\u0131mc\u0131 olmaktan heyecan duyuyoruz. <\/p>\n<p>Ekibimiz bilgilerinizi inceleyecek ve ki\u015fiselle\u015ftirilmi\u015f dan\u0131\u015fmanl\u0131\u011f\u0131n\u0131z\u0131 planlamak i\u00e7in derhal size geri d\u00f6necektir. Bu arada, acil sorular\u0131n\u0131z varsa veya daha fazla yard\u0131ma ihtiyac\u0131n\u0131z varsa, <a href=\"tel:+971%204%20266%208615\">+971 4 266 8615<\/a> numaral\u0131 telefondan veya <a href=\"mailto:info@solandworld.com\">info@solandworld.com<\/a> adresinden bizimle ileti\u015fime ge\u00e7mekten \u00e7ekinmeyin. <\/p>\n<p>Bu heyecan verici yolculu\u011fa sizinle birlikte \u00e7\u0131kmay\u0131 ve Karada\u011f&#8217;da \u015firketinizi ba\u015far\u0131yla kurman\u0131za yard\u0131mc\u0131 olmay\u0131 d\u00f6rt g\u00f6zle bekliyoruz.<\/p>\n<p>Sayg\u0131lar\u0131mla,<br \/>Soland ekibi<\/p>\n\t\t\t\t\t\t\t\t<\/div>\n\t\t\t\t<\/div>\n\t\t\t\t\t<\/div>\n\t\t\t\t<\/div>\n\t\t\t\t\t<\/div>\n\t\t\t\t<\/div>\n\t\t\t\t<\/div>\n\t\t","protected":false},"excerpt":{"rendered":"<p>Ba\u015fvurdu\u011funuz i\u00e7in te\u015fekk\u00fcr ederiz! Soland olarak Karada\u011f&#8217;da Yurtd\u0131\u015f\u0131nda \u015eirket Kurma Program\u0131m\u0131z ile yolculu\u011funuza ilk ad\u0131m\u0131 att\u0131\u011f\u0131n\u0131z i\u00e7in te\u015fekk\u00fcr ederiz. Ba\u015fvurunuzu ald\u0131k ve Karada\u011f&#8217;da kendi \u015firketinizi kurma hayalinizi ger\u00e7ekle\u015ftirmenize yard\u0131mc\u0131 olmaktan heyecan duyuyoruz. Ekibimiz bilgilerinizi inceleyecek ve ki\u015fiselle\u015ftirilmi\u015f dan\u0131\u015fmanl\u0131\u011f\u0131n\u0131z\u0131 planlamak i\u00e7in derhal size geri d\u00f6necektir. Bu arada, acil sorular\u0131n\u0131z varsa veya daha fazla yard\u0131ma ihtiyac\u0131n\u0131z varsa, [&hellip;]<\/p>\n","protected":false},"author":11,"featured_media":0,"parent":0,"menu_order":0,"comment_status":"closed","ping_status":"closed","template":"elementor_header_footer","meta":{"_acf_changed":false,"inline_featured_image":false,"_monsterinsights_skip_tracking":false,"_monsterinsights_sitenote_active":false,"_monsterinsights_sitenote_note":"","_monsterinsights_sitenote_category":0,"_uf_show_specific_survey":0,"_uf_disable_surveys":false,"footnotes":""},"class_list":["post-12839","page","type-page","status-publish","hentry"],"acf":[],"aioseo_notices":[],"_links":{"self":[{"href":"https:\/\/solandworld.com\/tr\/wp-json\/wp\/v2\/pages\/12839","targetHints":{"allow":["GET"]}}],"collection":[{"href":"https:\/\/solandworld.com\/tr\/wp-json\/wp\/v2\/pages"}],"about":[{"href":"https:\/\/solandworld.com\/tr\/wp-json\/wp\/v2\/types\/page"}],"author":[{"embeddable":true,"href":"https:\/\/solandworld.com\/tr\/wp-json\/wp\/v2\/users\/11"}],"replies":[{"embeddable":true,"href":"https:\/\/solandworld.com\/tr\/wp-json\/wp\/v2\/comments?post=12839"}],"version-history":[{"count":0,"href":"https:\/\/solandworld.com\/tr\/wp-json\/wp\/v2\/pages\/12839\/revisions"}],"wp:attachment":[{"href":"https:\/\/solandworld.com\/tr\/wp-json\/wp\/v2\/media?parent=12839"}],"curies":[{"name":"wp","href":"https:\/\/api.w.org\/{rel}","templated":true}]}}